{"id":5912,"date":"2019-05-27T12:57:44","date_gmt":"2019-05-27T10:57:44","guid":{"rendered":"https:\/\/lagaveframura.it\/?page_id=5912"},"modified":"2026-03-06T18:29:20","modified_gmt":"2026-03-06T17:29:20","slug":"la-cucina","status":"publish","type":"page","link":"https:\/\/agaveframura.it\/index.php\/la-cucina\/","title":{"rendered":"La cucina"},"content":{"rendered":"<p>[vc_row full_width=&#8221;stretch_row&#8221; css=&#8221;.vc_custom_1772818003600{padding-top: 2% !important;padding-right: 5% !important;padding-bottom: 2% !important;padding-left: 5% !important;}&#8221; simple_background_color=&#8221;#98c493&#8243; el_id=&#8221;menu&#8221;][vc_column width=&#8221;3\/5&#8243;]<div class=\"mkdf-section-title-holder  mkdf-st-standard mkdf-st-title-left mkdf-st-normal-space \" >\n    <div class=\"mkdf-st-inner\">\n                <h3 class=\"mkdf-st-text\" style=\"color: #ffffff\">\n    Il nostro menu<\/h3>\n<\/div>\n<\/div>[\/vc_column][vc_column width=&#8221;2\/5&#8243;][vc_row_inner][vc_column_inner width=&#8221;1\/2&#8243; offset=&#8221;vc_col-xs-6&#8243;]<a itemprop=\"url\" href=\"https:\/\/agaveframura.it\/wp-content\/uploads\/2025\/10\/MENU-AGAVE-AUTUNNO-2025.pdf\" target=\"_blank\"  class=\"mkdf-btn mkdf-btn-medium mkdf-btn-outline\"  >\n    <span class=\"mkdf-btn-text\">Scopri di pi\u00f9<\/span>\n    <\/a>[\/vc_column_inner][vc_column_inner width=&#8221;1\/2&#8243; offset=&#8221;vc_col-xs-6&#8243;]<a itemprop=\"url\" href=\"https:\/\/agaveframura.it\/wp-content\/uploads\/2025\/10\/MENU-AGAVE-INGLESE-AUTUNNO-2025.pdf\" target=\"_blank\"  class=\"mkdf-btn mkdf-btn-medium mkdf-btn-outline\"  >\n    <span class=\"mkdf-btn-text\">See more<\/span>\n    <\/a>[\/vc_column_inner][\/vc_row_inner][\/vc_column][\/vc_row][vc_row equal_height=&#8221;yes&#8221; content_placement=&#8221;middle&#8221; row_content_width=&#8221;grid&#8221; css=&#8221;.vc_custom_1559141114096{padding-top: 20px !important;padding-bottom: 35px !important;}&#8221; el_id=&#8221;filosofia&#8221;][vc_column offset=&#8221;vc_col-lg-6 vc_col-md-12&#8243;]<div class=\"mkdf-elements-holder   mkdf-one-column  mkdf-responsive-mode-768 \" ><div class=\"mkdf-eh-item    \"  data-item-class=\"mkdf-eh-custom-5715\" data-1280-1600=\"0px 15% 120px 0\" data-1024-1280=\"0px 15% 120px 0\" data-768-1024=\"0px 15% 50px 0\" data-680-768=\"0px 10% 50px 0\" data-680=\"0px 0% 0 0\">\n    <div class=\"mkdf-eh-item-inner\">\n        <div class=\"mkdf-eh-item-content mkdf-eh-custom-5715\" style=\"padding: 0px 15% 150px 0\">\n            <div class=\"mkdf-section-title-holder  mkdf-st-standard mkdf-st-title-left mkdf-st-normal-space \" >\n    <div class=\"mkdf-st-inner\">\n                <var class=\"mkdf-st-text\" >\n    La ricerca del bello attraverso il buono \u00e8 il principio alla base di ogni piatto dell\u2019Agave.<\/var>\n<\/div>\n<\/div>[vc_column_text]Con uno sguardo rivolto in particolare verso il mare, all&#8217;Agave \u00e8 possibile degustare una cucina saldamente radicata in Liguria, ma lontana dai dogmatismi, una cucina viva, che viene proposta in diversi percorsi di degustazione, senza pero` perdere l&#8217;identit\u00e0\u00a0della materia.<\/p>\n<p>In ogni stagione \u00e8 possibile trovare una proposta dedicata al mare, una volta all&#8217;entroterra ed un&#8217;ultima destinata ai vegetali.[\/vc_column_text][vc_empty_space height=&#8221;42px&#8221;]        <\/div>\n    <\/div>\n<\/div><\/div>[\/vc_column][vc_column offset=&#8221;vc_col-lg-6 vc_col-md-12&#8243;]<div class=\"mkdf-elements-holder   mkdf-one-column  mkdf-responsive-mode-768 \" ><div class=\"mkdf-eh-item    \"  data-item-class=\"mkdf-eh-custom-6648\" data-768-1024=\"0 15% 115px 0\" data-680-768=\"0 0 115px 0\" data-680=\"0 0 120px 0\">\n    <div class=\"mkdf-eh-item-inner\">\n        <div class=\"mkdf-eh-item-content mkdf-eh-custom-6648\" >\n            <div class=\"mkdf-parallax-section\"><div class=\"mkdf-parallax-section-image mkdf-parallax-section-image-1\"><img width=\"600\" height=\"594\" src=\"https:\/\/agaveframura.it\/wp-content\/uploads\/2019\/05\/icona-piatti1.jpg\" class=\"attachment-full size-full\" alt=\"\" loading=\"lazy\" srcset=\"https:\/\/agaveframura.it\/wp-content\/uploads\/2019\/05\/icona-piatti1.jpg 600w, https:\/\/agaveframura.it\/wp-content\/uploads\/2019\/05\/icona-piatti1-150x150.jpg 150w, https:\/\/agaveframura.it\/wp-content\/uploads\/2019\/05\/icona-piatti1-300x297.jpg 300w, https:\/\/agaveframura.it\/wp-content\/uploads\/2019\/05\/icona-piatti1-100x100.jpg 100w\" sizes=\"(max-width: 600px) 100vw, 600px\" \/><\/div><div class=\"mkdf-parallax-section-image mkdf-parallax-section-image-2\" data-parallax=\"{&quot;y&quot;: -100, &quot;smoothness&quot;: 20}\"><img width=\"600\" height=\"900\" src=\"https:\/\/agaveframura.it\/wp-content\/uploads\/2026\/03\/WhatsApp-Image-2026-03-06-at-11.02.35-2-1-e1772810299467.jpeg\" class=\"attachment-full size-full\" alt=\"\" loading=\"lazy\" srcset=\"https:\/\/agaveframura.it\/wp-content\/uploads\/2026\/03\/WhatsApp-Image-2026-03-06-at-11.02.35-2-1-e1772810299467.jpeg 600w, https:\/\/agaveframura.it\/wp-content\/uploads\/2026\/03\/WhatsApp-Image-2026-03-06-at-11.02.35-2-1-e1772810299467-200x300.jpeg 200w\" sizes=\"(max-width: 600px) 100vw, 600px\" \/><\/div><div class=\"mkdf-parallax-section-image mkdf-parallax-section-image-3\" data-parallax=\"{&quot;y&quot;: -200, &quot;smoothness&quot;: 20}\"><img width=\"1600\" height=\"1066\" src=\"https:\/\/agaveframura.it\/wp-content\/uploads\/2026\/03\/WhatsApp-Image-2026-03-06-at-11.02.34-1.jpeg\" class=\"attachment-full size-full\" alt=\"\" loading=\"lazy\" srcset=\"https:\/\/agaveframura.it\/wp-content\/uploads\/2026\/03\/WhatsApp-Image-2026-03-06-at-11.02.34-1.jpeg 1600w, https:\/\/agaveframura.it\/wp-content\/uploads\/2026\/03\/WhatsApp-Image-2026-03-06-at-11.02.34-1-300x200.jpeg 300w, https:\/\/agaveframura.it\/wp-content\/uploads\/2026\/03\/WhatsApp-Image-2026-03-06-at-11.02.34-1-1024x682.jpeg 1024w, https:\/\/agaveframura.it\/wp-content\/uploads\/2026\/03\/WhatsApp-Image-2026-03-06-at-11.02.34-1-768x512.jpeg 768w, https:\/\/agaveframura.it\/wp-content\/uploads\/2026\/03\/WhatsApp-Image-2026-03-06-at-11.02.34-1-1536x1023.jpeg 1536w, https:\/\/agaveframura.it\/wp-content\/uploads\/2026\/03\/WhatsApp-Image-2026-03-06-at-11.02.34-1-600x400.jpeg 600w\" sizes=\"(max-width: 1600px) 100vw, 1600px\" \/><\/div><\/div>        <\/div>\n    <\/div>\n<\/div><\/div>[vc_empty_space height=&#8221;50px&#8221;][\/vc_column][\/vc_row][vc_row equal_height=&#8221;yes&#8221; content_placement=&#8221;middle&#8221; row_content_width=&#8221;grid&#8221; css=&#8221;.vc_custom_1558951962751{padding-top: 5% !important;padding-bottom: 12px !important;}&#8221; el_id=&#8221;piatti2&#8243;][vc_column offset=&#8221;vc_col-lg-6 vc_col-md-12 vc_hidden-xs&#8221; css=&#8221;.vc_custom_1559572221280{margin-top: -120px !important;}&#8221;]<div class=\"mkdf-elements-holder   mkdf-one-column  mkdf-responsive-mode-768 \" ><div class=\"mkdf-eh-item    \"  data-item-class=\"mkdf-eh-custom-3649\" data-768-1024=\"0 15% 170px 0\" data-680-768=\"0 0 170px 0\" data-680=\"0 0 120px 0\">\n    <div class=\"mkdf-eh-item-inner\">\n        <div class=\"mkdf-eh-item-content mkdf-eh-custom-3649\" >\n            <div class=\"mkdf-parallax-section\"><div class=\"mkdf-parallax-section-image mkdf-parallax-section-image-1\"><img width=\"600\" height=\"594\" src=\"https:\/\/agaveframura.it\/wp-content\/uploads\/2019\/05\/icona-piatti3.jpg\" class=\"attachment-full size-full\" alt=\"\" loading=\"lazy\" srcset=\"https:\/\/agaveframura.it\/wp-content\/uploads\/2019\/05\/icona-piatti3.jpg 600w, https:\/\/agaveframura.it\/wp-content\/uploads\/2019\/05\/icona-piatti3-150x150.jpg 150w, https:\/\/agaveframura.it\/wp-content\/uploads\/2019\/05\/icona-piatti3-300x297.jpg 300w, https:\/\/agaveframura.it\/wp-content\/uploads\/2019\/05\/icona-piatti3-100x100.jpg 100w\" sizes=\"(max-width: 600px) 100vw, 600px\" \/><\/div><div class=\"mkdf-parallax-section-image mkdf-parallax-section-image-2\" data-parallax=\"{&quot;y&quot;: -100, &quot;smoothness&quot;: 20}\"><img width=\"1067\" height=\"1600\" src=\"https:\/\/agaveframura.it\/wp-content\/uploads\/2026\/03\/WhatsApp-Image-2026-03-06-at-11.02.35-3.jpeg\" class=\"attachment-full size-full\" alt=\"\" loading=\"lazy\" srcset=\"https:\/\/agaveframura.it\/wp-content\/uploads\/2026\/03\/WhatsApp-Image-2026-03-06-at-11.02.35-3.jpeg 1067w, https:\/\/agaveframura.it\/wp-content\/uploads\/2026\/03\/WhatsApp-Image-2026-03-06-at-11.02.35-3-200x300.jpeg 200w, https:\/\/agaveframura.it\/wp-content\/uploads\/2026\/03\/WhatsApp-Image-2026-03-06-at-11.02.35-3-683x1024.jpeg 683w, https:\/\/agaveframura.it\/wp-content\/uploads\/2026\/03\/WhatsApp-Image-2026-03-06-at-11.02.35-3-768x1152.jpeg 768w, https:\/\/agaveframura.it\/wp-content\/uploads\/2026\/03\/WhatsApp-Image-2026-03-06-at-11.02.35-3-1024x1536.jpeg 1024w, https:\/\/agaveframura.it\/wp-content\/uploads\/2026\/03\/WhatsApp-Image-2026-03-06-at-11.02.35-3-600x900.jpeg 600w\" sizes=\"(max-width: 1067px) 100vw, 1067px\" \/><\/div><div class=\"mkdf-parallax-section-image mkdf-parallax-section-image-3\" data-parallax=\"{&quot;y&quot;: -200, &quot;smoothness&quot;: 20}\"><img width=\"1600\" height=\"1067\" src=\"https:\/\/agaveframura.it\/wp-content\/uploads\/2026\/03\/WhatsApp-Image-2026-03-06-at-11.02.35-4.jpeg\" class=\"attachment-full size-full\" alt=\"\" loading=\"lazy\" srcset=\"https:\/\/agaveframura.it\/wp-content\/uploads\/2026\/03\/WhatsApp-Image-2026-03-06-at-11.02.35-4.jpeg 1600w, https:\/\/agaveframura.it\/wp-content\/uploads\/2026\/03\/WhatsApp-Image-2026-03-06-at-11.02.35-4-300x200.jpeg 300w, https:\/\/agaveframura.it\/wp-content\/uploads\/2026\/03\/WhatsApp-Image-2026-03-06-at-11.02.35-4-1024x683.jpeg 1024w, https:\/\/agaveframura.it\/wp-content\/uploads\/2026\/03\/WhatsApp-Image-2026-03-06-at-11.02.35-4-768x512.jpeg 768w, https:\/\/agaveframura.it\/wp-content\/uploads\/2026\/03\/WhatsApp-Image-2026-03-06-at-11.02.35-4-1536x1024.jpeg 1536w, https:\/\/agaveframura.it\/wp-content\/uploads\/2026\/03\/WhatsApp-Image-2026-03-06-at-11.02.35-4-600x400.jpeg 600w\" sizes=\"(max-width: 1600px) 100vw, 1600px\" \/><\/div><\/div>        <\/div>\n    <\/div>\n<\/div><\/div>[vc_empty_space height=&#8221;50px&#8221;][vc_empty_space height=&#8221;50px&#8221;][\/vc_column][vc_column offset=&#8221;vc_col-lg-6 vc_col-md-12&#8243; css=&#8221;.vc_custom_1519294396651{margin-top: -120px !important;}&#8221;]<div class=\"mkdf-elements-holder   mkdf-one-column  mkdf-responsive-mode-768 \" ><div class=\"mkdf-eh-item    \"  data-item-class=\"mkdf-eh-custom-8190\" data-1280-1600=\"0px 11% 120px 5%\" data-1024-1280=\"0px 11% 120px 5%\" data-768-1024=\"0px 15% 100px 0\" data-680-768=\"0px 10% 40px 0\" data-680=\"50px 0% 0 0\">\n    <div class=\"mkdf-eh-item-inner\">\n        <div class=\"mkdf-eh-item-content mkdf-eh-custom-8190\" style=\"padding: 0px 11% 150px 5%\">\n            [vc_column_text]All&#8217;Agave si presta attenzione alla cura della scelta delle migliori materie guardandosi intorno e vedendo cosa fanno i nostri produttori, cosa ci dona la nostra terra, perch\u00e9 tutto ci\u00f2 che qua cresce \u00e8 ligure, sia che si faccia da sempre, sia che si faccia da ieri, d&#8217; altronde\u00a0 cosa c&#8217;\u00e8di pi\u00f9 nostro dell&#8217;olio d&#8217;oliva o delle erbe aromatiche, il tutto combinato con pesci, carni e vegetali di prima scelta.[\/vc_column_text][vc_empty_space height=&#8221;42px&#8221;]        <\/div>\n    <\/div>\n<\/div><\/div>[\/vc_column][\/vc_row][vc_row row_content_width=&#8221;grid&#8221; el_id=&#8221;mobilepiatti&#8221;][vc_column]<div class=\"mkdf-elements-holder   mkdf-one-column  mkdf-responsive-mode-768 \" ><div class=\"mkdf-eh-item    \"  data-item-class=\"mkdf-eh-custom-6429\" data-768-1024=\"0 15% 170px 0\" data-680-768=\"0 0 170px 0\" data-680=\"0 0 120px 0\">\n    <div class=\"mkdf-eh-item-inner\">\n        <div class=\"mkdf-eh-item-content mkdf-eh-custom-6429\" >\n            <div class=\"mkdf-parallax-section\"><div class=\"mkdf-parallax-section-image mkdf-parallax-section-image-1\"><img width=\"600\" height=\"594\" src=\"https:\/\/agaveframura.it\/wp-content\/uploads\/2019\/05\/icona-piatti3.jpg\" class=\"attachment-full size-full\" alt=\"\" loading=\"lazy\" srcset=\"https:\/\/agaveframura.it\/wp-content\/uploads\/2019\/05\/icona-piatti3.jpg 600w, https:\/\/agaveframura.it\/wp-content\/uploads\/2019\/05\/icona-piatti3-150x150.jpg 150w, https:\/\/agaveframura.it\/wp-content\/uploads\/2019\/05\/icona-piatti3-300x297.jpg 300w, https:\/\/agaveframura.it\/wp-content\/uploads\/2019\/05\/icona-piatti3-100x100.jpg 100w\" sizes=\"(max-width: 600px) 100vw, 600px\" \/><\/div><div class=\"mkdf-parallax-section-image mkdf-parallax-section-image-2\" data-parallax=\"{&quot;y&quot;: -100, &quot;smoothness&quot;: 20}\"><img width=\"1067\" height=\"1600\" src=\"https:\/\/agaveframura.it\/wp-content\/uploads\/2026\/03\/WhatsApp-Image-2026-03-06-at-11.02.35-3.jpeg\" class=\"attachment-full size-full\" alt=\"\" loading=\"lazy\" srcset=\"https:\/\/agaveframura.it\/wp-content\/uploads\/2026\/03\/WhatsApp-Image-2026-03-06-at-11.02.35-3.jpeg 1067w, https:\/\/agaveframura.it\/wp-content\/uploads\/2026\/03\/WhatsApp-Image-2026-03-06-at-11.02.35-3-200x300.jpeg 200w, https:\/\/agaveframura.it\/wp-content\/uploads\/2026\/03\/WhatsApp-Image-2026-03-06-at-11.02.35-3-683x1024.jpeg 683w, https:\/\/agaveframura.it\/wp-content\/uploads\/2026\/03\/WhatsApp-Image-2026-03-06-at-11.02.35-3-768x1152.jpeg 768w, https:\/\/agaveframura.it\/wp-content\/uploads\/2026\/03\/WhatsApp-Image-2026-03-06-at-11.02.35-3-1024x1536.jpeg 1024w, https:\/\/agaveframura.it\/wp-content\/uploads\/2026\/03\/WhatsApp-Image-2026-03-06-at-11.02.35-3-600x900.jpeg 600w\" sizes=\"(max-width: 1067px) 100vw, 1067px\" \/><\/div><div class=\"mkdf-parallax-section-image mkdf-parallax-section-image-3\" data-parallax=\"{&quot;y&quot;: -200, &quot;smoothness&quot;: 20}\"><img width=\"1600\" height=\"1067\" src=\"https:\/\/agaveframura.it\/wp-content\/uploads\/2026\/03\/WhatsApp-Image-2026-03-06-at-11.02.35-4.jpeg\" class=\"attachment-full size-full\" alt=\"\" loading=\"lazy\" srcset=\"https:\/\/agaveframura.it\/wp-content\/uploads\/2026\/03\/WhatsApp-Image-2026-03-06-at-11.02.35-4.jpeg 1600w, https:\/\/agaveframura.it\/wp-content\/uploads\/2026\/03\/WhatsApp-Image-2026-03-06-at-11.02.35-4-300x200.jpeg 300w, https:\/\/agaveframura.it\/wp-content\/uploads\/2026\/03\/WhatsApp-Image-2026-03-06-at-11.02.35-4-1024x683.jpeg 1024w, https:\/\/agaveframura.it\/wp-content\/uploads\/2026\/03\/WhatsApp-Image-2026-03-06-at-11.02.35-4-768x512.jpeg 768w, https:\/\/agaveframura.it\/wp-content\/uploads\/2026\/03\/WhatsApp-Image-2026-03-06-at-11.02.35-4-1536x1024.jpeg 1536w, https:\/\/agaveframura.it\/wp-content\/uploads\/2026\/03\/WhatsApp-Image-2026-03-06-at-11.02.35-4-600x400.jpeg 600w\" sizes=\"(max-width: 1600px) 100vw, 1600px\" \/><\/div><\/div>        <\/div>\n    <\/div>\n<\/div><\/div>[\/vc_column][\/vc_row][vc_row el_id=&#8221;gallery&#8221;][vc_column width=&#8221;2\/5&#8243;]<div class=\"mkdf-single-image-holder   mkdf-image-behavior-zoom\">\n    <div class=\"mkdf-si-inner\">\n                                            <img width=\"1000\" height=\"1000\" src=\"https:\/\/agaveframura.it\/wp-content\/uploads\/2019\/05\/Foto-1-1.jpg\" class=\"attachment-full size-full\" alt=\"\" loading=\"lazy\" srcset=\"https:\/\/agaveframura.it\/wp-content\/uploads\/2019\/05\/Foto-1-1.jpg 1000w, https:\/\/agaveframura.it\/wp-content\/uploads\/2019\/05\/Foto-1-1-150x150.jpg 150w, https:\/\/agaveframura.it\/wp-content\/uploads\/2019\/05\/Foto-1-1-300x300.jpg 300w, https:\/\/agaveframura.it\/wp-content\/uploads\/2019\/05\/Foto-1-1-768x768.jpg 768w, https:\/\/agaveframura.it\/wp-content\/uploads\/2019\/05\/Foto-1-1-550x550.jpg 550w, https:\/\/agaveframura.it\/wp-content\/uploads\/2019\/05\/Foto-1-1-600x600.jpg 600w, https:\/\/agaveframura.it\/wp-content\/uploads\/2019\/05\/Foto-1-1-100x100.jpg 100w\" sizes=\"(max-width: 1000px) 100vw, 1000px\" \/>                                    <\/div>\n<\/div>[\/vc_column][vc_column width=&#8221;1\/5&#8243;]<div class=\"mkdf-single-image-holder   mkdf-image-behavior-zoom\">\n    <div class=\"mkdf-si-inner\">\n                                            <img width=\"1066\" height=\"1400\" src=\"https:\/\/agaveframura.it\/wp-content\/uploads\/2026\/03\/WhatsApp-Image-2026-03-06-at-11.02.34-e1772810494752.jpeg\" class=\"attachment-full size-full\" alt=\"\" loading=\"lazy\" srcset=\"https:\/\/agaveframura.it\/wp-content\/uploads\/2026\/03\/WhatsApp-Image-2026-03-06-at-11.02.34-e1772810494752.jpeg 1066w, https:\/\/agaveframura.it\/wp-content\/uploads\/2026\/03\/WhatsApp-Image-2026-03-06-at-11.02.34-e1772810494752-228x300.jpeg 228w, https:\/\/agaveframura.it\/wp-content\/uploads\/2026\/03\/WhatsApp-Image-2026-03-06-at-11.02.34-e1772810494752-780x1024.jpeg 780w, https:\/\/agaveframura.it\/wp-content\/uploads\/2026\/03\/WhatsApp-Image-2026-03-06-at-11.02.34-e1772810494752-768x1009.jpeg 768w, https:\/\/agaveframura.it\/wp-content\/uploads\/2026\/03\/WhatsApp-Image-2026-03-06-at-11.02.34-e1772810494752-600x788.jpeg 600w\" sizes=\"(max-width: 1066px) 100vw, 1066px\" \/>                                    <\/div>\n<\/div><div class=\"mkdf-single-image-holder   mkdf-image-behavior-zoom\">\n    <div class=\"mkdf-si-inner\">\n                                            <img width=\"1600\" height=\"1066\" src=\"https:\/\/agaveframura.it\/wp-content\/uploads\/2026\/03\/WhatsApp-Image-2026-03-06-at-11.02.34-3.jpeg\" class=\"attachment-full size-full\" alt=\"\" loading=\"lazy\" srcset=\"https:\/\/agaveframura.it\/wp-content\/uploads\/2026\/03\/WhatsApp-Image-2026-03-06-at-11.02.34-3.jpeg 1600w, https:\/\/agaveframura.it\/wp-content\/uploads\/2026\/03\/WhatsApp-Image-2026-03-06-at-11.02.34-3-300x200.jpeg 300w, https:\/\/agaveframura.it\/wp-content\/uploads\/2026\/03\/WhatsApp-Image-2026-03-06-at-11.02.34-3-1024x682.jpeg 1024w, https:\/\/agaveframura.it\/wp-content\/uploads\/2026\/03\/WhatsApp-Image-2026-03-06-at-11.02.34-3-768x512.jpeg 768w, https:\/\/agaveframura.it\/wp-content\/uploads\/2026\/03\/WhatsApp-Image-2026-03-06-at-11.02.34-3-1536x1023.jpeg 1536w, https:\/\/agaveframura.it\/wp-content\/uploads\/2026\/03\/WhatsApp-Image-2026-03-06-at-11.02.34-3-600x400.jpeg 600w\" sizes=\"(max-width: 1600px) 100vw, 1600px\" \/>                                    <\/div>\n<\/div>[\/vc_column][vc_column width=&#8221;1\/5&#8243;]<div class=\"mkdf-single-image-holder   mkdf-image-behavior-zoom\">\n    <div class=\"mkdf-si-inner\">\n                                            <img width=\"800\" height=\"1600\" src=\"https:\/\/agaveframura.it\/wp-content\/uploads\/2026\/03\/WhatsApp-Image-2026-03-06-at-11.02.35-1-1-e1772810832720.jpeg\" class=\"attachment-full size-full\" alt=\"\" loading=\"lazy\" srcset=\"https:\/\/agaveframura.it\/wp-content\/uploads\/2026\/03\/WhatsApp-Image-2026-03-06-at-11.02.35-1-1-e1772810832720.jpeg 800w, https:\/\/agaveframura.it\/wp-content\/uploads\/2026\/03\/WhatsApp-Image-2026-03-06-at-11.02.35-1-1-e1772810832720-150x300.jpeg 150w, https:\/\/agaveframura.it\/wp-content\/uploads\/2026\/03\/WhatsApp-Image-2026-03-06-at-11.02.35-1-1-e1772810832720-512x1024.jpeg 512w, https:\/\/agaveframura.it\/wp-content\/uploads\/2026\/03\/WhatsApp-Image-2026-03-06-at-11.02.35-1-1-e1772810832720-768x1536.jpeg 768w, https:\/\/agaveframura.it\/wp-content\/uploads\/2026\/03\/WhatsApp-Image-2026-03-06-at-11.02.35-1-1-e1772810832720-550x1100.jpeg 550w, https:\/\/agaveframura.it\/wp-content\/uploads\/2026\/03\/WhatsApp-Image-2026-03-06-at-11.02.35-1-1-e1772810832720-600x1200.jpeg 600w\" sizes=\"(max-width: 800px) 100vw, 800px\" \/>                                    <\/div>\n<\/div>[\/vc_column][vc_column width=&#8221;1\/5&#8243;]<div class=\"mkdf-single-image-holder   mkdf-image-behavior-zoom\">\n    <div class=\"mkdf-si-inner\">\n                                            <img width=\"1068\" height=\"1066\" src=\"https:\/\/agaveframura.it\/wp-content\/uploads\/2026\/03\/WhatsApp-Image-2026-03-06-at-11.02.35-e1772810779421.jpeg\" class=\"attachment-full size-full\" alt=\"\" loading=\"lazy\" srcset=\"https:\/\/agaveframura.it\/wp-content\/uploads\/2026\/03\/WhatsApp-Image-2026-03-06-at-11.02.35-e1772810779421.jpeg 1068w, https:\/\/agaveframura.it\/wp-content\/uploads\/2026\/03\/WhatsApp-Image-2026-03-06-at-11.02.35-e1772810779421-300x300.jpeg 300w, https:\/\/agaveframura.it\/wp-content\/uploads\/2026\/03\/WhatsApp-Image-2026-03-06-at-11.02.35-e1772810779421-1024x1022.jpeg 1024w, https:\/\/agaveframura.it\/wp-content\/uploads\/2026\/03\/WhatsApp-Image-2026-03-06-at-11.02.35-e1772810779421-150x150.jpeg 150w, https:\/\/agaveframura.it\/wp-content\/uploads\/2026\/03\/WhatsApp-Image-2026-03-06-at-11.02.35-e1772810779421-768x767.jpeg 768w, https:\/\/agaveframura.it\/wp-content\/uploads\/2026\/03\/WhatsApp-Image-2026-03-06-at-11.02.35-e1772810779421-550x550.jpeg 550w, https:\/\/agaveframura.it\/wp-content\/uploads\/2026\/03\/WhatsApp-Image-2026-03-06-at-11.02.35-e1772810779421-600x599.jpeg 600w, https:\/\/agaveframura.it\/wp-content\/uploads\/2026\/03\/WhatsApp-Image-2026-03-06-at-11.02.35-e1772810779421-100x100.jpeg 100w\" sizes=\"(max-width: 1068px) 100vw, 1068px\" \/>                                    <\/div>\n<\/div><div class=\"mkdf-single-image-holder   mkdf-image-behavior-zoom\">\n    <div class=\"mkdf-si-inner\">\n                                            <img width=\"1068\" height=\"1066\" src=\"https:\/\/agaveframura.it\/wp-content\/uploads\/2026\/03\/WhatsApp-Image-2026-03-06-at-11.02.34-2-1-e1772810613945.jpeg\" class=\"attachment-full size-full\" alt=\"\" loading=\"lazy\" srcset=\"https:\/\/agaveframura.it\/wp-content\/uploads\/2026\/03\/WhatsApp-Image-2026-03-06-at-11.02.34-2-1-e1772810613945.jpeg 1068w, https:\/\/agaveframura.it\/wp-content\/uploads\/2026\/03\/WhatsApp-Image-2026-03-06-at-11.02.34-2-1-e1772810613945-300x300.jpeg 300w, https:\/\/agaveframura.it\/wp-content\/uploads\/2026\/03\/WhatsApp-Image-2026-03-06-at-11.02.34-2-1-e1772810613945-1024x1022.jpeg 1024w, https:\/\/agaveframura.it\/wp-content\/uploads\/2026\/03\/WhatsApp-Image-2026-03-06-at-11.02.34-2-1-e1772810613945-150x150.jpeg 150w, https:\/\/agaveframura.it\/wp-content\/uploads\/2026\/03\/WhatsApp-Image-2026-03-06-at-11.02.34-2-1-e1772810613945-768x767.jpeg 768w, https:\/\/agaveframura.it\/wp-content\/uploads\/2026\/03\/WhatsApp-Image-2026-03-06-at-11.02.34-2-1-e1772810613945-550x550.jpeg 550w, https:\/\/agaveframura.it\/wp-content\/uploads\/2026\/03\/WhatsApp-Image-2026-03-06-at-11.02.34-2-1-e1772810613945-600x599.jpeg 600w, https:\/\/agaveframura.it\/wp-content\/uploads\/2026\/03\/WhatsApp-Image-2026-03-06-at-11.02.34-2-1-e1772810613945-100x100.jpeg 100w\" sizes=\"(max-width: 1068px) 100vw, 1068px\" \/>                                    <\/div>\n<\/div>[\/vc_column][\/vc_row]<\/p>\n","protected":false},"excerpt":{"rendered":"<p>[vc_row full_width=&#8221;stretch_row&#8221; css=&#8221;.vc_custom_1772818003600{padding-top: 2% !important;padding-right: 5% !important;padding-bottom: 2% !important;padding-left: 5% !important;}&#8221; simple_background_color=&#8221;#98c493&#8243; el_id=&#8221;menu&#8221;][vc_column width=&#8221;3\/5&#8243;][\/vc_column][vc_column width=&#8221;2\/5&#8243;][vc_row_inner][vc_column_inner width=&#8221;1\/2&#8243; offset=&#8221;vc_col-xs-6&#8243;][\/vc_column_inner][vc_column_inner width=&#8221;1\/2&#8243; offset=&#8221;vc_col-xs-6&#8243;][\/vc_column_inner][\/vc_row_inner][\/vc_column][\/vc_row][vc_row equal_height=&#8221;yes&#8221; content_placement=&#8221;middle&#8221; row_content_width=&#8221;grid&#8221; css=&#8221;.vc_custom_1559141114096{padding-top: 20px !important;padding-bottom: 35px !important;}&#8221; el_id=&#8221;filosofia&#8221;][vc_column offset=&#8221;vc_col-lg-6 vc_col-md-12&#8243;][\/vc_column][vc_column offset=&#8221;vc_col-lg-6 vc_col-md-12&#8243;][vc_empty_space height=&#8221;50px&#8221;][\/vc_column][\/vc_row][vc_row equal_height=&#8221;yes&#8221; content_placement=&#8221;middle&#8221; row_content_width=&#8221;grid&#8221; css=&#8221;.vc_custom_1558951962751{padding-top: 5% !important;padding-bottom: 12px [&hellip;]<\/p>\n","protected":false},"author":2,"featured_media":0,"parent":0,"menu_order":0,"comment_status":"closed","ping_status":"closed","template":"full-width.php","meta":[],"aioseo_notices":[],"_links":{"self":[{"href":"https:\/\/agaveframura.it\/index.php\/wp-json\/wp\/v2\/pages\/5912"}],"collection":[{"href":"https:\/\/agaveframura.it\/index.php\/wp-json\/wp\/v2\/pages"}],"about":[{"href":"https:\/\/agaveframura.it\/index.php\/wp-json\/wp\/v2\/types\/page"}],"author":[{"embeddable":true,"href":"https:\/\/agaveframura.it\/index.php\/wp-json\/wp\/v2\/users\/2"}],"replies":[{"embeddable":true,"href":"https:\/\/agaveframura.it\/index.php\/wp-json\/wp\/v2\/comments?post=5912"}],"version-history":[{"count":32,"href":"https:\/\/agaveframura.it\/index.php\/wp-json\/wp\/v2\/pages\/5912\/revisions"}],"predecessor-version":[{"id":6239,"href":"https:\/\/agaveframura.it\/index.php\/wp-json\/wp\/v2\/pages\/5912\/revisions\/6239"}],"wp:attachment":[{"href":"https:\/\/agaveframura.it\/index.php\/wp-json\/wp\/v2\/media?parent=5912"}],"curies":[{"name":"wp","href":"https:\/\/api.w.org\/{rel}","templated":true}]}}